{"id":25,"date":"2018-10-02T14:19:00","date_gmt":"2018-10-02T12:19:00","guid":{"rendered":"http:\/\/mv-hatzenbuehl.pfirrmann.industries\/?page_id=25"},"modified":"2018-10-02T14:19:00","modified_gmt":"2018-10-02T12:19:00","slug":"datenschutzerklaerung","status":"publish","type":"page","link":"http:\/\/www.xn--mv-hatzenbhl-mlb.de\/?page_id=25","title":{"rendered":"Datenschutzerkl\u00e4rung"},"content":{"rendered":"<p><strong>Geltungsbereich<\/strong><br \/>\nDiese Datenschutzerkl\u00e4rung gilt f\u00fcr das Internet-Angebot www.mv-hatzenb\u00fchl.de des Musikvereins Hatzenb\u00fchl e.V. und die dort angebotenen eigenen Inhalte. F\u00fcr Inhalte anderer Anbieter, auf die z.B. \u00fcber Links verwiesen wird, gelten die dortigen Bestimmungen. Insbesondere sind diese gem\u00e4\u00df \u00a7 7 Abs. 1 Telemediengesetz (TMG) f\u00fcr eigene Inhalte verantwortlich. Durch einen Link kann die Weiterleitung zu einem anderen Anbieter erfolgen.<\/p>\n<p><strong>Bei der Technik haben wir Hilfe<\/strong><br \/>\nDieses Internet-Angebot wird von Pfirrmann Industries als technischem Dienstleister vorgehalten. Die dortige Verarbeitung von Nutzungsdaten erfolgt in unserem Auftrag und nach unseren Vorgaben.<\/p>\n<p><strong>Was wissen wir \u00fcber Ihre Zugriffe auf unser Angebot?<\/strong><br \/>\nBeim Zugriff auf das Internet-Angebot werden die folgenden Angaben in einer Protokolldatei auf dem Web- bzw. Anwendungsserver gespeichert:<br \/>\nIP-Adresse des Computers, von dem die Anfrage abgeschickt wurde, in anonymisierter (verk\u00fcrzter) Form, Browser-Informationen (genutzter Web-Browser, Betriebssystem, Spracheinstellung, etc.), Angaben \u00fcber den genutzten Serverdienst, Protokollversion, Name der abgerufenen Datei bzw. Angebotsseite (URL), Datum und Uhrzeit des Zugriffs, \u00fcbertragene Datenmengen, Statusangaben (z.B. Fehlermeldungen).<br \/>\nDiese Informationen werden f\u00fcr statistische Zwecke genutzt. Die Internet-Adresse des von Ihnen genutzten Endger\u00e4ts wird dabei nach kurzer Zeit anonymisiert, indem das letzte Byte \u00fcberschieben wird (z.B. 83.243.48.xxx). Es wird kein personenbezogenes Nutzungsprofil erstellt, die Daten werden nicht an Dritte weitergegebe und nach Ablauf von 30 Tagen gel\u00f6scht.<\/p>\n<p><strong>Wir wollen wissen, wer unser Angebot st\u00f6rt oder angreift<\/strong><br \/>\nZum Schutz vor Angriffen und zur Sicherstellung eines ordnungsgem\u00e4\u00dfen Betriebs werden die Zugriffe auf das Internet-Angebot mit der vollst\u00e4ndigen IP-Adresse vor\u00fcbergehend und zugriffsgesch\u00fctzt auf einem Sicherheitssystem (Firewall) automatisiert auf m\u00f6gliche Risiken hin analysiert und f\u00fcr maximal sieben Tage gespeichert. Ausgenommen hiervon sind Daten \u00fcber Zugriffe, die f\u00fcr die weitere Verfolgung von Angriffen und St\u00f6rungen erforderlich sind.<br \/>\nWir werden nur bei rechtswidrigen Angriffen versuchen herauszufinden, welche Person hinter einer IP-Adresse steht. Ansonsten bleibt diese Information f\u00fcr uns verborgen und wir versuchen nicht, an die Daten des Inhabers einer IP-Adresse zu kommen.<\/p>\n<p><strong>Weiterleitung zu einem anderen Anbieter<\/strong><br \/>\nSoweit aus unserem Angebot zu Inhalten anderer Anbieter verlinkt wird, ist dies durch einen Link erkennbar. Die Nutzung dieser Angebote unterliegt gegebenenfalls anderen Bedingungen als in dieser Datenschutzerkl\u00e4rung beschrieben.<\/p>\n<p><strong>Social Plugins<\/strong><br \/>\nDieses Angebot nutzt keine Mechanismen, mit denen beim Besuch unseres Angebots automatsich Informationen an die Anbieter von Social Media-Diensten flie\u00dfen (Social Plugins).<br \/>\nEtwaige Weiterleitungen zu Anbietern von Social Media-Diensten wie Youtube, Facebook etc. erfolgen ausschlie\u00dflich via Link, so dass Daten \u00fcber Ihren Besuch auf unserem Angebot (z.B. IP-Adresse, Zeitpunkt, URL) oder auf Ihrem Endger\u00e4t vorhanden Daten (z.B. Cookie-Informationen) an die jeweiligen Anbieter erst bei einer bewussten Nutzung des Links \u00fcbertragen werden.<\/p>\n<p><strong>Nutzung des Angebots ohne JavaScript<\/strong><br \/>\nWenn Sie in Ihrem Browser JavaScript deaktiviert haben, k\u00f6nnen Sie bestimmte Inhalte nicht nutzen (z.B. Videos) und es werden Ihnen auch bestimmte Hinweise, z.B. der o.g. Cookie-Hinweis, nicht angezeigt. \u00dcber Erweiterungen wie etwa NoScript k\u00f6nnen Sie JavaScript f\u00fcr bestimmte Seiten (z.B. www.kmv-germersheim.de) zulassen.<\/p>\n<p><strong>Minderj\u00e4hrigenschutz<\/strong><br \/>\nWir fordern keine personenbezogenen Daten von Kindern an, sammeln diese nicht und geben sie nicht an Dritte weiter.<\/p>\n<p><strong>Auskunftsrecht<\/strong><br \/>\nEs werden keine\u00a0 personenbezogenen Daten angefordert, gespeichert oder weitergeleitet.<\/p>\n","protected":false},"excerpt":{"rendered":"<p>Geltungsbereich Diese Datenschutzerkl\u00e4rung gilt f\u00fcr das Internet-Angebot www.mv-hatzenb\u00fchl.de des Musikvereins Hatzenb\u00fchl e.V. und die dort angebotenen eigenen Inhalte. F\u00fcr Inhalte anderer Anbieter, auf die z.B. \u00fcber Links verwiesen wird, gelten die dortigen Bestimmungen. Insbesondere sind diese gem\u00e4\u00df \u00a7 7 Abs. 1 Telemediengesetz (TMG) f\u00fcr eigene Inhalte verantwortlich. Durch einen Link kann die Weiterleitung zu einem &hellip; <\/p>\n<p class=\"link-more\"><a href=\"http:\/\/www.xn--mv-hatzenbhl-mlb.de\/?page_id=25\" class=\"more-link\"><span class=\"screen-reader-text\">&#8222;Datenschutzerkl\u00e4rung&#8220;<\/span> weiterlesen<\/a><\/p>\n","protected":false},"author":1,"featured_media":0,"parent":0,"menu_order":0,"comment_status":"closed","ping_status":"closed","template":"","meta":{"footnotes":""},"class_list":["post-25","page","type-page","status-publish","hentry"],"_links":{"self":[{"href":"http:\/\/www.xn--mv-hatzenbhl-mlb.de\/index.php?rest_route=\/wp\/v2\/pages\/25","targetHints":{"allow":["GET"]}}],"collection":[{"href":"http:\/\/www.xn--mv-hatzenbhl-mlb.de\/index.php?rest_route=\/wp\/v2\/pages"}],"about":[{"href":"http:\/\/www.xn--mv-hatzenbhl-mlb.de\/index.php?rest_route=\/wp\/v2\/types\/page"}],"author":[{"embeddable":true,"href":"http:\/\/www.xn--mv-hatzenbhl-mlb.de\/index.php?rest_route=\/wp\/v2\/users\/1"}],"replies":[{"embeddable":true,"href":"http:\/\/www.xn--mv-hatzenbhl-mlb.de\/index.php?rest_route=%2Fwp%2Fv2%2Fcomments&post=25"}],"version-history":[{"count":1,"href":"http:\/\/www.xn--mv-hatzenbhl-mlb.de\/index.php?rest_route=\/wp\/v2\/pages\/25\/revisions"}],"predecessor-version":[{"id":26,"href":"http:\/\/www.xn--mv-hatzenbhl-mlb.de\/index.php?rest_route=\/wp\/v2\/pages\/25\/revisions\/26"}],"wp:attachment":[{"href":"http:\/\/www.xn--mv-hatzenbhl-mlb.de\/index.php?rest_route=%2Fwp%2Fv2%2Fmedia&parent=25"}],"curies":[{"name":"wp","href":"https:\/\/api.w.org\/{rel}","templated":true}]}}