{"id":11,"date":"2018-10-02T13:54:21","date_gmt":"2018-10-02T11:54:21","guid":{"rendered":"http:\/\/mv-hatzenbuehl.pfirrmann.industries\/?page_id=11"},"modified":"2018-10-05T11:16:20","modified_gmt":"2018-10-05T09:16:20","slug":"impressum","status":"publish","type":"page","link":"http:\/\/www.xn--mv-hatzenbhl-mlb.de\/?page_id=11","title":{"rendered":"Impressum"},"content":{"rendered":"<p>Die Verantwortlichen des Musikverein Hatzenb\u00fchl e.V. sind:<\/p>\n<p><strong>1. Vorsitzende<\/strong><br \/>\nJutta Kaufmann<br \/>\nWendelinusstr. 3a<br \/>\n76770 Hatzenb\u00fchl<\/p>\n<p><strong>2. Vorsitzender<\/strong><br \/>\nOtto Weigel<br \/>\nAlbert-Schweitzer-Str.1<br \/>\n76770 Hatzenb\u00fchl<\/p>\n<p><\/br><\/p>\n<p><strong>Haftungsausschluss<\/strong><\/p>\n<p><strong>1. Inhalt des Onlineangebotes<\/strong><br \/>\nDie Autorin\/der Autor \u00fcbernimmt keinerlei Gew\u00e4hr f\u00fcr die Aktualit\u00e4t, Korrektheit, Vollst\u00e4ndigkeit oder Qualit\u00e4t der bereitgestellten Informationen. Haftungsanspr\u00fcche gegen die Autorin\/den Autor, welche sich auf Sch\u00e4den materieller oder ideeller Art beziehen, die durch die Nutzung oder Nichtnutzung der dargebotenen Informationen bzw. durch die Nutzung fehlerhafter und unvollst\u00e4ndiger Informationen verursacht wurden, sind grunds\u00e4tzlich ausgeschlossen, sofern seitens der Autorin\/des Autors kein nachweislich vors\u00e4tzliches oder grob fahrl\u00e4ssiges Verschulden vorliegt.<br \/>\nAlle Angebote sind freibleibend und unverbindlich. Die Autorin\/der Autor beh\u00e4lt sich ausdr\u00fccklich vor, Teile der Seiten oder das gesamte Angebot ohne gesonderte Ank\u00fcndigung zu ver\u00e4ndern, zu erg\u00e4nzen, zu l\u00f6schen oder die Ver\u00f6ffentlichung zeitweise oder endg\u00fcltig einzustellen.<\/p>\n<p><strong>2. Verweise und Links<\/strong><br \/>\nDie Autorin\/der Autor erkl\u00e4rt hiermit ausdr\u00fccklich, dass zum Zeitpunkt der Linksetzung keine illegalen Inhalte auf den zu verlinkenden Seiten erkennbar waren. Auf die aktuelle und zuk\u00fcnftige Gestaltung, die Inhalte oder die Urheberschaft der gelinkten\/verkn\u00fcpften Seiten hat die Autorin\/der Autor keinerlei Einfluss. Deshalb distanzieren wir uns von jeglicher Verantwortung und den Inhalten aller &#8222;gelinkten\/verkn\u00fcpften&#8220; Seiten, die nach der Linksetzung ver\u00e4ndert wurden. Diese Erkl\u00e4rung gilt f\u00fcr alle auf den Seiten von www.mv-hatzenb\u00fchl.de angezeigten Links und f\u00fcr die Inhalte der Seiten, zu den die bei uns gezeigten Banner und Links f\u00fchren. F\u00fcr illegale illegale, fehlerhafte oder unvollst\u00e4ndige Inhalte und insbesondere f\u00fcr Sch\u00e4den, die aus der Nutzung oder Nichtnutzung solcherart dargebotener Informationen entstehen, haftet allein die Anbieterin\/der Anbieter der Seite, auf welche verwiesen wurde, nicht diejenige\/derjenige, die\/der \u00fcber Links auf die jeweilige Ver\u00f6ffentlichung lediglich verweist.<\/p>\n<p><strong>3. Urheber- und Kennzeichnungsrecht<\/strong><br \/>\nDie Autorin\/der Autor ist bestrebt, in allen Publikationen die Urheberrechte der verwendeten Grafiken, Tondokumente, Videosequenzen und Texte zu beachten, von ihr\/ihm selbst erstellte Grafiken, Tondokumente, Videosequenzen und Texte zu nutzen oder auf lizenzfreie Grafiken, Tondokumente, Videosequenzen und Texte zur\u00fcckzugreifen.<br \/>\nAlle innerhalb des Internetangebotes genannten und ggf. durch Dritte gesch\u00fctzten Marken- und Warenzeichen unterliegen uneingeschr\u00e4nkt den Bestimmungen des jeweils g\u00fcltigen Kennzeichnungsrechtes und den besitzrechten der jeweiligen eingetragenen Eigent\u00fcmer. Allein auf Grund der blo\u00dfen Nennung ist nicht der Schluss zu ziehen, dass Markenzeichen nicht durch Rechte Dritter gesch\u00fctzt sind! Das Copyright f\u00fcr ver\u00f6ffentlichte, von der Autorin\/dem Autor selbst erstellte Objekte bleibt allein bei der Autorin\/dem Autor dieser Seiten. Eine Vervielf\u00e4ltigung oder Verwendung solcher Grafiken, Tondokumente, Videosequenzen und Texte in anderen elektronischen oder gedruckten Publikationen ist ohne ausdr\u00fcckliche Zustimmung der Autorin\/des Autors nicht gestattet.<\/p>\n<p><strong>4. Datenschutz<\/strong><br \/>\nSofern innerhalb des Internetangebotes die M\u00f6glichkeit zur Eingabe pers\u00f6nlicher oder dienstlicher\/gesch\u00e4ftlicher Daten (E-Mail-Adressen, Namen, Anschriften) besteht, so erfolgt die Preisgabe dieser Daten seitens der Nutzerin\/des Nutzers auf ausdr\u00fccklich freiwilliger Basis. Die Inanspruchnahme und Bezahlung aller angebotenen Dienste ist &#8211; soweit technisch m\u00f6glich und zumutbar &#8211; auch ohne Angabe solcher Daten bzw. unter Angabe anonymisierter Daten oder eines Pseudonyms gestattet.<\/p>\n<p><strong>5. Rechtswirksamkeit dieses Haftungsausschlusses<\/strong><br \/>\nDieser Haftungsausschluss ist als Teil des Internetangebotes zu betrachten, von dem aus auf diese Seite verwiesen wurde. Sofern einzelne Formulierungen dieses Textes der geltenden Rechtslage nicht, nicht mehr oder nicht vollst\u00e4ndig entsprechen, bleiben die \u00fcbrigen Teile des Dokuments von ihrem Inhalt und ihrer G\u00fcltigkeit davon unber\u00fchrt.<\/p>\n","protected":false},"excerpt":{"rendered":"<p>Die Verantwortlichen des Musikverein Hatzenb\u00fchl e.V. sind: 1. Vorsitzende Jutta Kaufmann Wendelinusstr. 3a 76770 Hatzenb\u00fchl 2. Vorsitzender Otto Weigel Albert-Schweitzer-Str.1 76770 Hatzenb\u00fchl Haftungsausschluss 1. Inhalt des Onlineangebotes Die Autorin\/der Autor \u00fcbernimmt keinerlei Gew\u00e4hr f\u00fcr die Aktualit\u00e4t, Korrektheit, Vollst\u00e4ndigkeit oder Qualit\u00e4t der bereitgestellten Informationen. Haftungsanspr\u00fcche gegen die Autorin\/den Autor, welche sich auf Sch\u00e4den materieller oder ideeller &hellip; <\/p>\n<p class=\"link-more\"><a href=\"http:\/\/www.xn--mv-hatzenbhl-mlb.de\/?page_id=11\" class=\"more-link\"><span class=\"screen-reader-text\">&#8222;Impressum&#8220;<\/span> weiterlesen<\/a><\/p>\n","protected":false},"author":1,"featured_media":0,"parent":0,"menu_order":0,"comment_status":"closed","ping_status":"closed","template":"","meta":{"footnotes":""},"class_list":["post-11","page","type-page","status-publish","hentry"],"_links":{"self":[{"href":"http:\/\/www.xn--mv-hatzenbhl-mlb.de\/index.php?rest_route=\/wp\/v2\/pages\/11","targetHints":{"allow":["GET"]}}],"collection":[{"href":"http:\/\/www.xn--mv-hatzenbhl-mlb.de\/index.php?rest_route=\/wp\/v2\/pages"}],"about":[{"href":"http:\/\/www.xn--mv-hatzenbhl-mlb.de\/index.php?rest_route=\/wp\/v2\/types\/page"}],"author":[{"embeddable":true,"href":"http:\/\/www.xn--mv-hatzenbhl-mlb.de\/index.php?rest_route=\/wp\/v2\/users\/1"}],"replies":[{"embeddable":true,"href":"http:\/\/www.xn--mv-hatzenbhl-mlb.de\/index.php?rest_route=%2Fwp%2Fv2%2Fcomments&post=11"}],"version-history":[{"count":7,"href":"http:\/\/www.xn--mv-hatzenbhl-mlb.de\/index.php?rest_route=\/wp\/v2\/pages\/11\/revisions"}],"predecessor-version":[{"id":54,"href":"http:\/\/www.xn--mv-hatzenbhl-mlb.de\/index.php?rest_route=\/wp\/v2\/pages\/11\/revisions\/54"}],"wp:attachment":[{"href":"http:\/\/www.xn--mv-hatzenbhl-mlb.de\/index.php?rest_route=%2Fwp%2Fv2%2Fmedia&parent=11"}],"curies":[{"name":"wp","href":"https:\/\/api.w.org\/{rel}","templated":true}]}}